{"id":10504,"date":"2017-10-04T18:27:47","date_gmt":"2017-10-04T16:27:47","guid":{"rendered":"http:\/\/skarucna.si\/?page_id=10504&#038;lang=en"},"modified":"2025-06-30T14:50:45","modified_gmt":"2025-06-30T12:50:45","slug":"about-skarucna","status":"publish","type":"page","link":"https:\/\/skarucna.si\/en\/","title":{"rendered":"About Skaru\u010dna"},"content":{"rendered":"<div class=\"wpb-content-wrapper\"><p>[vc_row content_width=&#8221;grid&#8221; css=&#8221;.vc_custom_1490085054578{padding-bottom: 200px !important;}&#8221;][vc_column][vc_column_text css=&#8221;.vc_custom_1507134414802{background-position: 0 0 !important;background-repeat: no-repeat !important;}&#8221;]<\/p>\n<h1>The \u017dagar family started in the old town centre of Ljubljana and later moved to the village of Skaru\u010dna under \u0160marna gora, but they have been focusing on the same thing for the last forty years: <span class=\"podcrtano\"> the well-being of their guests.<\/span><\/h1>\n<p>[\/vc_column_text][vc_single_image image=&#8221;9525&#8243; img_size=&#8221;large&#8221; alignment=&#8221;right&#8221; css=&#8221;.vc_custom_1751287812112{margin-top: 100px !important;}&#8221; el_class=&#8221;send-to-back&#8221;][vc_single_image image=&#8221;9864&#8243; img_size=&#8221;medium&#8221; alignment=&#8221;right&#8221; el_class=&#8221;zamik-pecat&#8221;][\/vc_column][\/vc_row][vc_row row_type=&#8221;parallax&#8221; full_screen_section_height=&#8221;no&#8221; css=&#8221;.vc_custom_1751287843498{margin-bottom: 100px !important;}&#8221;][vc_column width=&#8221;1\/3&#8243; offset=&#8221;vc_col-lg-offset-1&#8243;][vc_column_text css=&#8221;.vc_custom_1507135162263{padding-top: 20px !important;padding-right: 20px !important;padding-bottom: 20px !important;padding-left: 20px !important;background-color: #ffffff !important;}&#8221; el_class=&#8221;ambient-besedilo-slider&#8221;]<\/p>\n<h3 class=\"p1\">This care for their guests&#8217; well-being<\/h3>\n<p class=\"p1\">involves the basic things, those which are served on plates and in glasses, as well as the less incidental things, such as a pleasant, enjoyable atmosphere, friendly service and lively music.<\/p>\n<p>[\/vc_column_text][\/vc_column][\/vc_row][vc_row][vc_column][rev_slider_vc alias=&#8221;ambient&#8221;][vc_empty_space height=&#8221;128px&#8221;][\/vc_column][\/vc_row][vc_row][vc_column width=&#8221;1\/2&#8243; offset=&#8221;vc_col-lg-offset-2 vc_col-lg-2&#8243;][vc_column_text el_class=&#8221;zamik-navzdol-1&#8243;]<\/p>\n<h3>music<\/h3>\n<h6><\/h6>\n<p>[\/vc_column_text][\/vc_column][vc_column width=&#8221;1\/2&#8243; offset=&#8221;vc_col-lg-offset-2 vc_col-lg-5 vc_col-md-offset-3 vc_col-md-6 vc_col-sm-offset-5&#8243; el_class=&#8221;rotate-desno&#8221;][vc_single_image image=&#8221;9847&#8243; img_size=&#8221;full&#8221; alignment=&#8221;right&#8221;][\/vc_column][\/vc_row][vc_row][vc_column width=&#8221;3\/4&#8243; offset=&#8221;vc_col-lg-offset-3 vc_col-lg-4 vc_col-md-offset-2 vc_col-md-7 vc_col-sm-offset-1&#8243; el_class=&#8221;besedilo-jedi-wrapper-levo&#8221;][vc_column_text css_animation=&#8221;none&#8221;]<\/p>\n<p class=\"p1\">The harmonies to help even the largest mouthful go down smoothly were once provided by the thunderous tenor of the elder \u017dagar, a former boxer known in his fighting days as Pulinoga or Pullfoot. Today, guests are treated to evergreen melodies supplied by Slavko Junior, whose extensive vinyl collection features a number of rare and unusual albums.<\/p>\n<p>[\/vc_column_text][\/vc_column][\/vc_row][vc_row][vc_column][vc_empty_space height=&#8221;128px&#8221;][\/vc_column][\/vc_row][vc_row][vc_column width=&#8221;1\/2&#8243; offset=&#8221;vc_col-lg-offset-1 vc_col-lg-6&#8243; el_class=&#8221;rotate-levo&#8221;][vc_single_image image=&#8221;8725&#8243; img_size=&#8221;full&#8221;][\/vc_column][vc_column width=&#8221;1\/4&#8243; offset=&#8221;vc_col-lg-offset-1 vc_col-lg-2&#8243; el_class=&#8221;zamik-navzdol-1&#8243;][vc_column_text]<\/p>\n<h3>domestic<br \/>\nextravagance<\/h3>\n<p>[\/vc_column_text][\/vc_column][\/vc_row][vc_row][vc_column width=&#8221;3\/4&#8243; offset=&#8221;vc_col-lg-offset-5 vc_col-lg-4 vc_col-md-offset-3 vc_col-md-6 vc_col-sm-offset-3&#8243; el_class=&#8221;besedilo-jedi-wrapper-desno&#8221;][vc_column_text css_animation=&#8221;none&#8221;]<\/p>\n<p class=\"p1\">When it comes to basic things, there is nothing to worry about \u2013 the dishes are always seasonal and based on the Slovenian inn-keeping tradition. The chef prepares them from carefully selected ingredients brought in to the Skaru\u010dna kitchen from farmers\u2019 granaries and silos, from the cool store of the nearby hunting society and from the surrounding fields and forests.<\/p>\n<p>[\/vc_column_text][\/vc_column][\/vc_row][vc_row][vc_column][vc_empty_space height=&#8221;128px&#8221;][\/vc_column][\/vc_row][vc_row][vc_column width=&#8221;1\/2&#8243; offset=&#8221;vc_col-lg-offset-1 vc_col-lg-2&#8243; el_class=&#8221;zamik-navzdol-1&#8243;][vc_column_text]<\/p>\n<h3>sacred rites<\/h3>\n<h6><\/h6>\n<p>[\/vc_column_text][\/vc_column][vc_column width=&#8221;3\/4&#8243; offset=&#8221;vc_col-lg-offset-1 vc_col-lg-7 vc_col-md-offset-3 vc_col-md-8 vc_col-sm-offset-2&#8243; el_class=&#8221;rotate-desno&#8221;][vc_single_image image=&#8221;10836&#8243; img_size=&#8221;full&#8221; alignment=&#8221;right&#8221;][\/vc_column][\/vc_row][vc_row][vc_column width=&#8221;2\/3&#8243; offset=&#8221;vc_col-lg-offset-2 vc_col-lg-4 vc_col-md-offset-2 vc_col-md-7 vc_col-sm-offset-2&#8243; el_class=&#8221;besedilo-jedi-wrapper-levo&#8221;][vc_column_text css_animation=&#8221;none&#8221;]<\/p>\n<p class=\"p1\">Skaru\u010dna would not be the same without the odd assortment of objects decorating the inn and the garden; it is highly unlikely that you will leave without hearing bouts of infectious laughter from behind the bar or without someone bringing you a serving board heaving with food and a giant knife to attack it with.<\/p>\n<p>[\/vc_column_text][\/vc_column][\/vc_row][vc_row][vc_column][vc_empty_space height=&#8221;128px&#8221;][vc_empty_space height=&#8221;128px&#8221;][\/vc_column][\/vc_row]<\/p>\n<\/div>","protected":false},"excerpt":{"rendered":"<p>[vc_row content_width=&#8221;grid&#8221; css=&#8221;.vc_custom_1490085054578{padding-bottom: 200px !important;}&#8221;][vc_column][vc_column_text css=&#8221;.vc_custom_1507134414802{background-position: 0 0 !important;background-repeat: no-repeat !important;}&#8221;] The \u017dagar family started in the old town centre of Ljubljana and later moved to the village of Skaru\u010dna under \u0160marna gora, but they have been focusing on the same thing for the last&#8230;<\/p>\n","protected":false},"author":5,"featured_media":0,"parent":0,"menu_order":0,"comment_status":"closed","ping_status":"closed","template":"full-width.php","meta":{"footnotes":""},"class_list":["post-10504","page","type-page","status-publish","hentry"],"_links":{"self":[{"href":"https:\/\/skarucna.si\/en\/wp-json\/wp\/v2\/pages\/10504","targetHints":{"allow":["GET"]}}],"collection":[{"href":"https:\/\/skarucna.si\/en\/wp-json\/wp\/v2\/pages"}],"about":[{"href":"https:\/\/skarucna.si\/en\/wp-json\/wp\/v2\/types\/page"}],"author":[{"embeddable":true,"href":"https:\/\/skarucna.si\/en\/wp-json\/wp\/v2\/users\/5"}],"replies":[{"embeddable":true,"href":"https:\/\/skarucna.si\/en\/wp-json\/wp\/v2\/comments?post=10504"}],"version-history":[{"count":8,"href":"https:\/\/skarucna.si\/en\/wp-json\/wp\/v2\/pages\/10504\/revisions"}],"predecessor-version":[{"id":11603,"href":"https:\/\/skarucna.si\/en\/wp-json\/wp\/v2\/pages\/10504\/revisions\/11603"}],"wp:attachment":[{"href":"https:\/\/skarucna.si\/en\/wp-json\/wp\/v2\/media?parent=10504"}],"curies":[{"name":"wp","href":"https:\/\/api.w.org\/{rel}","templated":true}]}}